{"id":368,"date":"2022-06-16T17:23:18","date_gmt":"2022-06-16T17:23:18","guid":{"rendered":"https:\/\/www.carbonweb.co\/?page_id=368"},"modified":"2026-03-19T22:17:37","modified_gmt":"2026-03-19T22:17:37","slug":"tc","status":"publish","type":"page","link":"https:\/\/www.carbonweb.co\/es\/tc\/","title":{"rendered":"T\u00e9rminos y Condiciones"},"content":{"rendered":"<div data-elementor-type=\"wp-page\" data-elementor-id=\"368\" class=\"elementor elementor-368\" data-elementor-post-type=\"page\">\n\t\t\t\t<div class=\"elementor-element elementor-element-a339d15 e-flex e-con-boxed e-con e-parent\" data-id=\"a339d15\" data-element_type=\"container\">\n\t\t\t\t\t<div class=\"e-con-inner\">\n\t\t\t\t<div class=\"elementor-element elementor-element-e82ac57 elementor-widget elementor-widget-heading\" data-id=\"e82ac57\" data-element_type=\"widget\" data-widget_type=\"heading.default\">\n\t\t\t\t<div class=\"elementor-widget-container\">\n\t\t\t\t\t<h1 class=\"elementor-heading-title elementor-size-default\"><strong>T\u00e9rminos y Condiciones<\/strong><span style=\"font-size: 2rem\"><\/span><\/h1>\t\t\t\t<\/div>\n\t\t\t\t<\/div>\n\t\t\t\t<div class=\"elementor-element elementor-element-f3397fb elementor-widget elementor-widget-text-editor\" data-id=\"f3397fb\" data-element_type=\"widget\" data-widget_type=\"text-editor.default\">\n\t\t\t\t<div class=\"elementor-widget-container\">\n\t\t\t\t\t\t\t\t\t<p>\u00a1Bienvenido a carbonweb.co!<\/p><p>Estos t\u00e9rminos y condiciones describen las reglas y regulaciones para el uso del sitio web de CarbonWeb, ubicada en carbonweb.co.<\/p><p>Al acceder a este sitio web, asumimos que acepta estos t\u00e9rminos y condiciones. No contin\u00fae utilizando carbonweb.co si no est\u00e1 de acuerdo con la totalidad de los t\u00e9rminos y condiciones establecidos en esta p\u00e1gina.<\/p><p>La siguiente terminolog\u00eda se aplica a estos T\u00e9rminos y Condiciones, Declaraci\u00f3n de Privacidad, Aviso de Exenci\u00f3n de Responsabilidad y a todos los Acuerdos: \"Cliente\", \"Usted\" y \"Su\" se refieren a usted, la persona que accede a este sitio web y cumple con los t\u00e9rminos y condiciones de la Empresa. \"La Empresa\", \"Nosotros\" y \"Nuestro\" se refieren a nuestra Empresa. \"Parte\", \"Partes\" o \"Nosotros\" se refiere tanto al Cliente como a nosotros mismos.\n\nTodos los t\u00e9rminos se refieren a la oferta, aceptaci\u00f3n y consideraci\u00f3n del pago necesario para llevar a cabo el proceso de nuestra asistencia al Cliente de la manera m\u00e1s adecuada con el prop\u00f3sito expreso de satisfacer las necesidades del Cliente respecto a la prestaci\u00f3n de los servicios declarados por la Empresa, de acuerdo con y sujeto a la legislaci\u00f3n vigente de los Pa\u00edses Bajos. Cualquier uso de la terminolog\u00eda anterior u otras palabras en singular, plural, may\u00fasculas y\/o \u00e9l\/ella o ellos, se consideran intercambiables y, por lo tanto, se refieren a lo mismo.<\/p><h3><strong>Galletas<\/strong><\/h3><p>Utilizamos cookies. Al acceder a carbonweb.co, usted acepta el uso de cookies de acuerdo con la Pol\u00edtica de Privacidad de CarbonWeb.<\/p><p>La mayor\u00eda de los sitios web interactivos utilizan cookies para permitirnos recuperar los detalles del usuario en cada visita. Nuestro sitio web utiliza cookies para habilitar la funcionalidad de ciertas \u00e1reas y facilitar la experiencia de las personas que nos visitan. Algunos de nuestros socios afiliados o publicitarios tambi\u00e9n pueden utilizar cookies.<\/p><h3><strong>Licencia<\/strong><\/h3><p>A menos que se indique lo contrario, CarbonWeb y\/o sus licenciantes poseen los derechos de propiedad intelectual de todo el material en carbonweb.co. Todos los derechos de propiedad intelectual est\u00e1n reservados. Usted puede acceder a este material desde carbonweb.co para su uso personal, sujeto a las restricciones establecidas en estos t\u00e9rminos y condiciones.<\/p><p>Usted no debe:<\/p><ul><li>Volver a publicar material de carbonweb.co.<\/li><li>Vender, alquilar o sublicenciar material de carbonweb.co.<\/li><li>Reproducir, duplicar o copiar material de carbonweb.co.<\/li><li>`Redistribuir contenido de CarbonWeb.<\/li><\/ul><p>Este Acuerdo comenzar\u00e1 en la fecha del mismo. Nuestros T\u00e9rminos y Condiciones fueron creados con la ayuda de <a href=\"https:\/\/www.termsfeed.com\/terms-conditions-generator\/\">Generador de T\u00e9rminos y Condiciones<\/a>.<\/p><p>Partes de este sitio web ofrecen la oportunidad de que los usuarios publiquen e intercambien opiniones e informaci\u00f3n en ciertas \u00e1reas. CarbonWeb no filtra, edita, publica ni revisa los comentarios antes de su aparici\u00f3n en el sitio.\n\nLos comentarios no reflejan los puntos de vista ni las opiniones de CarbonWeb, sus agentes y\/o afiliados; por el contrario, reflejan \u00fanicamente la visi\u00f3n de la persona que los publica. En la medida en que las leyes aplicables lo permitan, CarbonWeb no ser\u00e1 responsable de los comentarios ni de cualquier responsabilidad, da\u00f1o o gasto causado o sufrido como resultado del uso, publicaci\u00f3n o aparici\u00f3n de dichos comentarios en este sitio web.<\/p><p>CarbonWeb se reserva el derecho de monitorear todos los comentarios y de eliminar aquellos que puedan considerarse inapropiados, ofensivos o que den lugar al incumplimiento de estos T\u00e9rminos y Condiciones.<\/p><p>Usted garantiza y declara que:<\/p><ul><li>Usted tiene el derecho de publicar los Comentarios en nuestro sitio web y cuenta con todas las licencias y consentimientos necesarios para hacerlo;<\/li><li>Los Comentarios no invaden ning\u00fan derecho de propiedad intelectual, incluyendo, sin limitaci\u00f3n, los derechos de autor, patentes o marcas comerciales de terceros;<\/li><li>Los Comentarios no contienen ning\u00fan material difamatorio, calumnioso, ofensivo, indecente o ilegal de otro modo que suponga una invasi\u00f3n de la privacidad;<\/li><li>Los Comentarios no se utilizar\u00e1n para solicitar o promover negocios, captar clientes, ni para presentar actividades comerciales o actividades il\u00edcitas.<\/li><\/ul><p>Por la presente, usted otorga a CarbonWeb una licencia no exclusiva para usar, reproducir, editar y autorizar a otros a usar, reproducir y editar cualquiera de sus Comentarios en todas y cada una de las formas, formatos o medios.<\/p><h3><strong>Hiperv\u00ednculos a nuestro Contenido<\/strong><\/h3><p>Las siguientes organizaciones pueden enlazar a nuestro sitio web sin aprobaci\u00f3n previa por escrito:<\/p><ul><li>Agencias gubernamentales;<\/li><li>Motores de b\u00fasqueda;<\/li><li>Organizaciones de noticias;<\/li><li>Distribuidores de directorios en l\u00ednea, que pueden enlazar a nuestro sitio web de la misma manera que realizan hiperv\u00ednculos a los sitios web de otras empresas enumeradas; y<\/li><li>Empresas acreditadas en todo el sistema, excepto las organizaciones sin fines de lucro que solicitan donaciones, centros comerciales de caridad y grupos de recaudaci\u00f3n de fondos de caridad que no pueden tener hiperv\u00ednculos a nuestro sitio web.<\/li><\/ul><p>Estas organizaciones pueden enlazar a nuestra p\u00e1gina de inicio, a publicaciones o a otra informaci\u00f3n del sitio web siempre que el enlace no sea enga\u00f1oso de ninguna manera, no implique falsamente el patrocinio, respaldo o aprobaci\u00f3n de la parte que enlaza y sus productos o servicios, y se ajuste adecuadamente al contexto del sitio de la parte que realiza el enlace.<\/p><p>Podemos considerar y aprobar otras solicitudes de enlace de los siguientes tipos de organizaciones:<\/p><ul><li>Fuentes de informaci\u00f3n de consumidores y\/o empresas com\u00fanmente conocidas;<\/li><li>Sitios de la comunidad dot.com;<\/li><li>Asociaciones u otros grupos que representan organizaciones ben\u00e9ficas;<\/li><li>Distribuidores de directorios en l\u00ednea;<\/li><li>Portales de Internet;<\/li><li>Firmas de contabilidad, derecho y consultor\u00eda; y<\/li><li>Instituciones educativas y asociaciones comerciales.<\/li><\/ul><p>Aprobaremos las solicitudes de enlace de estas organizaciones si determinamos que: (a) el enlace no nos har\u00eda vernos de manera desfavorable a nosotros mismos o a nuestras empresas acreditadas; (b) la organizaci\u00f3n no tiene registros negativos con nosotros; (c) el beneficio derivado de la visibilidad del hiperv\u00ednculo compensa para nosotros la ausencia de CarbonWeb; y (d) el enlace se encuentra en el contexto de informaci\u00f3n general de recursos.<\/p><p>Estas organizaciones pueden enlazar a nuestra p\u00e1gina de inicio siempre que el enlace: (a) no sea enga\u00f1oso de ninguna manera; (b) no implique falsamente el patrocinio, respaldo o aprobaci\u00f3n de la parte que enlaza y sus productos o servicios; y (c) se ajuste al contexto del sitio de la parte que realiza el enlace.<\/p><p>Si usted es una de las organizaciones mencionadas en el p\u00e1rrafo 2 anterior y est\u00e1 interesado en enlazar a nuestro sitio web, debe informarnos enviando un correo electr\u00f3nico a CarbonWeb. Por favor, incluya su nombre, el nombre de su organizaci\u00f3n, informaci\u00f3n de contacto, as\u00ed como la URL de su sitio, una lista de las URLs desde las cuales tiene la intenci\u00f3n de enlazar a nuestro sitio web y una lista de las URLs de nuestro sitio a las que le gustar\u00eda enlazar. Espere de 2 a 3 semanas para recibir una respuesta.<\/p><p>Las organizaciones aprobadas pueden hipervincularse a nuestro sitio web de la siguiente manera:<\/p><ul><li>Mediante el uso de nuestro nombre corporativo; o<\/li><li>Mediante el uso del localizador uniforme de recursos al que se enlaza; o<\/li><li>Mediante el uso de cualquier otra descripci\u00f3n de nuestro sitio web que tenga sentido dentro del contexto y formato del contenido en el sitio de la parte que realiza el enlace.<\/li><\/ul><p>No se permitir\u00e1 el uso del logotipo de CarbonWeb ni de ning\u00fan otro material gr\u00e1fico para el enlace en ausencia de un acuerdo de licencia de marca comercial.<\/p><h3><strong>iFrames<\/strong><\/h3><p>Sin aprobaci\u00f3n previa y permiso por escrito, no puede crear marcos (frames) alrededor de nuestras p\u00e1ginas web que alteren de cualquier manera la presentaci\u00f3n visual o la apariencia de nuestro sitio web.<\/p><h3><strong>Responsabilidad del Contenido<\/strong><\/h3><p>No seremos responsables de ning\u00fan contenido que aparezca en su sitio web. Usted acepta protegernos y defendernos contra todas las reclamaciones que surjan en su sitio web. No deben aparecer enlaces en ning\u00fan sitio web que puedan interpretarse como difamatorios, obscenos o criminales, o que infrinjan, violen de otra manera o defiendan la infracci\u00f3n u otra violaci\u00f3n de los derechos de terceros.<\/p><h3><strong>Su Privacidad<\/strong><\/h3><p>Por favor, lea nuestra Pol\u00edtica de Privacidad.<\/p><h3><strong>Reserva de Derechos<\/strong><\/h3><p>Nos reservamos el derecho de solicitar que elimine todos los enlaces o cualquier enlace particular a nuestro sitio web. Usted se compromete a eliminar de inmediato todos los enlaces a nuestro sitio web tras nuestra solicitud.\nTambi\u00e9n nos reservamos el derecho de modificar estos t\u00e9rminos y condiciones, as\u00ed como su pol\u00edtica de enlaces, en cualquier momento. Al vincularse continuamente a nuestro sitio web, usted acepta estar sujeto y seguir estos t\u00e9rminos y condiciones de enlace.<\/p><h3><strong>Eliminaci\u00f3n de enlaces de nuestro sitio web<\/strong><\/h3><p>Si encuentra alg\u00fan enlace en nuestro sitio web que sea ofensivo por cualquier motivo, tiene la libertad de contactarnos e informarnos en cualquier momento. Consideraremos las solicitudes para eliminar enlaces, pero no estamos obligados a hacerlo ni a responderle directamente.<\/p><p>No garantizamos que la informaci\u00f3n de este sitio web sea correcta, no aseguramos su integridad ni su exactitud; tampoco nos comprometemos a garantizar que el sitio web permanezca disponible o que el material en el sitio se mantenga actualizado.<\/p><h3><strong>Descargo de Responsabilidad<\/strong><\/h3><p>En la medida m\u00e1xima permitida por la ley aplicable, excluimos todas las representaciones, garant\u00edas y condiciones relacionadas con nuestro sitio web y el uso de este. Nada en este descargo de responsabilidad:<\/p><ul><li>Limitar\u00e1 o excluir\u00e1 nuestra responsabilidad o la suya por muerte o lesiones personales;<\/li><li>Limitar\u00e1 o excluir\u00e1 nuestra responsabilidad o la suya por fraude o tergiversaci\u00f3n fraudulenta;<\/li><li>Limitar\u00e1 cualquiera de nuestras responsabilidades o las suyas de cualquier manera que no est\u00e9 permitida por la ley aplicable; o<\/li><li>Excluir\u00e1 cualquiera de nuestras responsabilidades o las suyas que no puedan ser excluidas bajo la ley aplicable.<\/li><\/ul><p>Las limitaciones y prohibiciones de responsabilidad establecidas en esta Secci\u00f3n y en otras partes de este descargo de responsabilidad: (a) est\u00e1n sujetas al p\u00e1rrafo anterior; y (b) rigen todas las responsabilidades que surjan en virtud del descargo de responsabilidad, incluidas las responsabilidades que surjan en contrato, en agravio y por incumplimiento de obligaciones legales.<\/p><p>Siempre que el sitio web y la informaci\u00f3n y los servicios en el sitio web se proporcionen de forma gratuita, no seremos responsables de ninguna p\u00e9rdida o da\u00f1o de cualquier naturaleza.<\/p>\t\t\t\t\t\t\t\t<\/div>\n\t\t\t\t<\/div>\n\t\t\t\t\t<\/div>\n\t\t\t\t<\/div>\n\t\t\t\t<\/div>","protected":false},"excerpt":{"rendered":"<p>Terms and Conditions Welcome to carbonweb.co! These terms and conditions outline the rules and regulations for the use of CarbonWeb&#8217;s Website, located at carbonweb.co. By accessing this website we assume you accept these terms and conditions. Do not continue to use carbonweb.co if you do not agree to take all of the terms and conditions [&hellip;]<\/p>\n","protected":false},"author":2,"featured_media":0,"parent":0,"menu_order":0,"comment_status":"closed","ping_status":"closed","template":"","meta":{"footnotes":""},"wf_page_folders":[],"class_list":["post-368","page","type-page","status-publish","hentry"],"yoast_head":"<!-- This site is optimized with the Yoast SEO Premium plugin v27.4 (Yoast SEO v27.4) - https:\/\/yoast.com\/product\/yoast-seo-premium-wordpress\/ -->\n<title>Terms and Conditions - CarbonWeb<\/title>\n<meta name=\"description\" content=\"CarbonWeb Terms and Conditions accessed here. Please review our TOS before creating and linking content to carbonweb.co and any subsidiaries.\" \/>\n<meta name=\"robots\" content=\"index, follow, max-snippet:-1, max-image-preview:large, max-video-preview:-1\" \/>\n<link rel=\"canonical\" href=\"https:\/\/www.carbonweb.co\/es\/tc\/\" \/>\n<meta property=\"og:locale\" content=\"es_ES\" \/>\n<meta property=\"og:type\" content=\"article\" \/>\n<meta property=\"og:title\" content=\"Terms and Conditions\" \/>\n<meta property=\"og:description\" content=\"CarbonWeb Terms and Conditions accessed here. Please review our TOS before creating and linking content to carbonweb.co and any subsidiaries.\" \/>\n<meta property=\"og:url\" content=\"https:\/\/www.carbonweb.co\/es\/tc\/\" \/>\n<meta property=\"og:site_name\" content=\"CarbonWeb\" \/>\n<meta property=\"article:modified_time\" content=\"2026-03-19T22:17:37+00:00\" \/>\n<meta name=\"twitter:card\" content=\"summary_large_image\" \/>\n<meta name=\"twitter:label1\" content=\"Tiempo de lectura\" \/>\n\t<meta name=\"twitter:data1\" content=\"7 minutos\" \/>\n<script type=\"application\/ld+json\" class=\"yoast-schema-graph\">{\"@context\":\"https:\\\/\\\/schema.org\",\"@graph\":[{\"@type\":\"WebPage\",\"@id\":\"https:\\\/\\\/www.carbonweb.co\\\/tc\\\/\",\"url\":\"https:\\\/\\\/www.carbonweb.co\\\/tc\\\/\",\"name\":\"Terms and Conditions - CarbonWeb\",\"isPartOf\":{\"@id\":\"https:\\\/\\\/www.carbonweb.co\\\/#website\"},\"datePublished\":\"2022-06-16T17:23:18+00:00\",\"dateModified\":\"2026-03-19T22:17:37+00:00\",\"description\":\"CarbonWeb Terms and Conditions accessed here. Please review our TOS before creating and linking content to carbonweb.co and any subsidiaries.\",\"breadcrumb\":{\"@id\":\"https:\\\/\\\/www.carbonweb.co\\\/tc\\\/#breadcrumb\"},\"inLanguage\":\"es\",\"potentialAction\":[{\"@type\":\"ReadAction\",\"target\":[\"https:\\\/\\\/www.carbonweb.co\\\/tc\\\/\"]}]},{\"@type\":\"BreadcrumbList\",\"@id\":\"https:\\\/\\\/www.carbonweb.co\\\/tc\\\/#breadcrumb\",\"itemListElement\":[{\"@type\":\"ListItem\",\"position\":1,\"name\":\"Home\",\"item\":\"https:\\\/\\\/www.carbonweb.co\\\/\"},{\"@type\":\"ListItem\",\"position\":2,\"name\":\"Terms and Conditions\"}]},{\"@type\":\"WebSite\",\"@id\":\"https:\\\/\\\/www.carbonweb.co\\\/#website\",\"url\":\"https:\\\/\\\/www.carbonweb.co\\\/\",\"name\":\"CarbonWeb\",\"description\":\"Building Blocks for Businesses\",\"publisher\":{\"@id\":\"https:\\\/\\\/www.carbonweb.co\\\/#organization\"},\"potentialAction\":[{\"@type\":\"SearchAction\",\"target\":{\"@type\":\"EntryPoint\",\"urlTemplate\":\"https:\\\/\\\/www.carbonweb.co\\\/?s={search_term_string}\"},\"query-input\":{\"@type\":\"PropertyValueSpecification\",\"valueRequired\":true,\"valueName\":\"search_term_string\"}}],\"inLanguage\":\"es\"},{\"@type\":\"Organization\",\"@id\":\"https:\\\/\\\/www.carbonweb.co\\\/#organization\",\"name\":\"CarbonWeb\",\"url\":\"https:\\\/\\\/www.carbonweb.co\\\/\",\"logo\":{\"@type\":\"ImageObject\",\"inLanguage\":\"es\",\"@id\":\"https:\\\/\\\/www.carbonweb.co\\\/#\\\/schema\\\/logo\\\/image\\\/\",\"url\":\"https:\\\/\\\/www.carbonweb.co\\\/wp-content\\\/uploads\\\/2022\\\/06\\\/Carbon-logo.svg\",\"contentUrl\":\"https:\\\/\\\/www.carbonweb.co\\\/wp-content\\\/uploads\\\/2022\\\/06\\\/Carbon-logo.svg\",\"width\":212,\"height\":244,\"caption\":\"CarbonWeb\"},\"image\":{\"@id\":\"https:\\\/\\\/www.carbonweb.co\\\/#\\\/schema\\\/logo\\\/image\\\/\"},\"sameAs\":[\"https:\\\/\\\/www.instagram.com\\\/carbon_web\",\"https:\\\/\\\/www.linkedin.com\\\/company\\\/carbonwebprint\"]}]}<\/script>\n<!-- \/ Yoast SEO Premium plugin. -->","yoast_head_json":{"title":"T\u00e9rminos y Condiciones - CarbonWeb","description":"Acceda a los T\u00e9rminos y Condiciones de CarbonWeb aqu\u00ed. Le recomendamos revisar nuestros t\u00e9rminos de servicio antes de crear o vincular cualquier contenido a carbonweb.co o sus filiales.","robots":{"index":"index","follow":"follow","max-snippet":"max-snippet:-1","max-image-preview":"max-image-preview:large","max-video-preview":"max-video-preview:-1"},"canonical":"https:\/\/www.carbonweb.co\/es\/tc\/","og_locale":"es_ES","og_type":"article","og_title":"Terms and Conditions","og_description":"CarbonWeb Terms and Conditions accessed here. Please review our TOS before creating and linking content to carbonweb.co and any subsidiaries.","og_url":"https:\/\/www.carbonweb.co\/es\/tc\/","og_site_name":"CarbonWeb","article_modified_time":"2026-03-19T22:17:37+00:00","twitter_card":"summary_large_image","twitter_misc":{"Tiempo de lectura":"7 minutos"},"schema":{"@context":"https:\/\/schema.org","@graph":[{"@type":"WebPage","@id":"https:\/\/www.carbonweb.co\/tc\/","url":"https:\/\/www.carbonweb.co\/tc\/","name":"T\u00e9rminos y Condiciones - CarbonWeb","isPartOf":{"@id":"https:\/\/www.carbonweb.co\/#website"},"datePublished":"2022-06-16T17:23:18+00:00","dateModified":"2026-03-19T22:17:37+00:00","description":"Acceda a los T\u00e9rminos y Condiciones de CarbonWeb aqu\u00ed. Le recomendamos revisar nuestros t\u00e9rminos de servicio antes de crear o vincular cualquier contenido a carbonweb.co o sus filiales.","breadcrumb":{"@id":"https:\/\/www.carbonweb.co\/tc\/#breadcrumb"},"inLanguage":"es","potentialAction":[{"@type":"ReadAction","target":["https:\/\/www.carbonweb.co\/tc\/"]}]},{"@type":"BreadcrumbList","@id":"https:\/\/www.carbonweb.co\/tc\/#breadcrumb","itemListElement":[{"@type":"ListItem","position":1,"name":"Home","item":"https:\/\/www.carbonweb.co\/"},{"@type":"ListItem","position":2,"name":"Terms and Conditions"}]},{"@type":"WebSite","@id":"https:\/\/www.carbonweb.co\/#website","url":"https:\/\/www.carbonweb.co\/","name":"CarbonWeb","description":"Pilares para Empresas","publisher":{"@id":"https:\/\/www.carbonweb.co\/#organization"},"potentialAction":[{"@type":"SearchAction","target":{"@type":"EntryPoint","urlTemplate":"https:\/\/www.carbonweb.co\/?s={search_term_string}"},"query-input":{"@type":"PropertyValueSpecification","valueRequired":true,"valueName":"search_term_string"}}],"inLanguage":"es"},{"@type":"Organization","@id":"https:\/\/www.carbonweb.co\/#organization","name":"CarbonWeb","url":"https:\/\/www.carbonweb.co\/","logo":{"@type":"ImageObject","inLanguage":"es","@id":"https:\/\/www.carbonweb.co\/#\/schema\/logo\/image\/","url":"https:\/\/www.carbonweb.co\/wp-content\/uploads\/2022\/06\/Carbon-logo.svg","contentUrl":"https:\/\/www.carbonweb.co\/wp-content\/uploads\/2022\/06\/Carbon-logo.svg","width":212,"height":244,"caption":"CarbonWeb"},"image":{"@id":"https:\/\/www.carbonweb.co\/#\/schema\/logo\/image\/"},"sameAs":["https:\/\/www.instagram.com\/carbon_web","https:\/\/www.linkedin.com\/company\/carbonwebprint"]}]}},"_links":{"self":[{"href":"https:\/\/www.carbonweb.co\/es\/wp-json\/wp\/v2\/pages\/368","targetHints":{"allow":["GET"]}}],"collection":[{"href":"https:\/\/www.carbonweb.co\/es\/wp-json\/wp\/v2\/pages"}],"about":[{"href":"https:\/\/www.carbonweb.co\/es\/wp-json\/wp\/v2\/types\/page"}],"author":[{"embeddable":true,"href":"https:\/\/www.carbonweb.co\/es\/wp-json\/wp\/v2\/users\/2"}],"replies":[{"embeddable":true,"href":"https:\/\/www.carbonweb.co\/es\/wp-json\/wp\/v2\/comments?post=368"}],"version-history":[{"count":0,"href":"https:\/\/www.carbonweb.co\/es\/wp-json\/wp\/v2\/pages\/368\/revisions"}],"wp:attachment":[{"href":"https:\/\/www.carbonweb.co\/es\/wp-json\/wp\/v2\/media?parent=368"}],"wp:term":[{"taxonomy":"wf_page_folders","embeddable":true,"href":"https:\/\/www.carbonweb.co\/es\/wp-json\/wp\/v2\/wf_page_folders?post=368"}],"curies":[{"name":"wp","href":"https:\/\/api.w.org\/{rel}","templated":true}]}}